{"id":1066,"date":"2021-06-11T12:43:02","date_gmt":"2021-06-11T12:43:02","guid":{"rendered":"https:\/\/eversim-sas.com\/?page_id=1066"},"modified":"2025-06-27T00:32:21","modified_gmt":"2025-06-27T00:32:21","slug":"outil-iscen","status":"publish","type":"page","link":"https:\/\/eversim-sas.com\/?page_id=1066","title":{"rendered":"Outil-auteur iScen"},"content":{"rendered":"\t\t<div data-elementor-type=\"wp-page\" data-elementor-id=\"1066\" class=\"elementor elementor-1066\" data-elementor-settings=\"[]\">\n\t\t\t\t\t\t\t<div class=\"elementor-section-wrap\">\n\t\t\t\t\t\t\t<section class=\"elementor-section elementor-top-section elementor-element elementor-element-7c7df6b elementor-section-boxed elementor-section-height-default elementor-section-height-default\" data-id=\"7c7df6b\" data-element_type=\"section\">\n\t\t\t\t\t\t<div class=\"elementor-container elementor-column-gap-default\">\n\t\t\t\t\t<div class=\"elementor-column elementor-col-50 elementor-top-column elementor-element elementor-element-6181b97\" data-id=\"6181b97\" data-element_type=\"column\">\n\t\t\t<div class=\"elementor-widget-wrap elementor-element-populated\">\n\t\t\t\t\t\t\t\t<div class=\"elementor-element elementor-element-3260db1 elementor-widget elementor-widget-text-editor\" data-id=\"3260db1\" data-element_type=\"widget\" data-widget_type=\"text-editor.default\">\n\t\t\t\t<div class=\"elementor-widget-container\">\n\t\t\t\t\t\t\t\t<p>iScen est un outil d\u00e9di\u00e9 sp\u00e9cialement aux secteurs de la s\u00e9curit\u00e9 et de l&rsquo;\u00e9ducation, pour la formation, l&rsquo;entra\u00eenement et la simulation de crise. Cet outil permet la cr\u00e9ation ou le prototypage rapide de sc\u00e9narios interactifs, puis de les utiliser dans des sessions de simulation en r\u00e9seau et en multijoueurs. La partie \u00e9diteur dispose d&rsquo;une interface simple d&rsquo;utilisation, qui permet la mise en place rapide et efficace de tout type de sc\u00e9nario. Il est possible d&rsquo;int\u00e9grer du contenu multim\u00e9dia 2D, 3D, vid\u00e9os, sons, textes, cartographies, ainsi que des liens internet.<\/p><p style=\"text-align: left;\"><a href=\"https:\/\/www.i-scen.net\">www.i-scen.net<\/a><\/p>\t\t\t\t\t\t<\/div>\n\t\t\t\t<\/div>\n\t\t\t\t\t<\/div>\n\t\t<\/div>\n\t\t\t\t<div class=\"elementor-column elementor-col-50 elementor-top-column elementor-element elementor-element-dde70d8\" data-id=\"dde70d8\" data-element_type=\"column\">\n\t\t\t<div class=\"elementor-widget-wrap elementor-element-populated\">\n\t\t\t\t\t\t\t\t<div class=\"elementor-element elementor-element-3d9113a elementor-widget elementor-widget-image\" data-id=\"3d9113a\" data-element_type=\"widget\" data-widget_type=\"image.default\">\n\t\t\t\t<div class=\"elementor-widget-container\">\n\t\t\t\t\t\t\t\t\t\t\t\t\t\t\t<img loading=\"lazy\" decoding=\"async\" width=\"640\" height=\"362\" src=\"https:\/\/eversim-sas.com\/wp-content\/uploads\/2025\/06\/reseau_new-768x434-2.png\" class=\"attachment-medium_large size-medium_large\" alt=\"\" srcset=\"https:\/\/eversim-sas.com\/wp-content\/uploads\/2025\/06\/reseau_new-768x434-2.png 768w, https:\/\/eversim-sas.com\/wp-content\/uploads\/2025\/06\/reseau_new-768x434-2-300x170.png 300w, https:\/\/eversim-sas.com\/wp-content\/uploads\/2025\/06\/reseau_new-768x434-2-700x396.png 700w, https:\/\/eversim-sas.com\/wp-content\/uploads\/2025\/06\/reseau_new-768x434-2-520x294.png 520w, https:\/\/eversim-sas.com\/wp-content\/uploads\/2025\/06\/reseau_new-768x434-2-360x203.png 360w, https:\/\/eversim-sas.com\/wp-content\/uploads\/2025\/06\/reseau_new-768x434-2-250x141.png 250w, https:\/\/eversim-sas.com\/wp-content\/uploads\/2025\/06\/reseau_new-768x434-2-100x57.png 100w\" sizes=\"auto, (max-width: 640px) 100vw, 640px\" \/>\t\t\t\t\t\t\t\t\t\t\t\t\t\t\t<\/div>\n\t\t\t\t<\/div>\n\t\t\t\t\t<\/div>\n\t\t<\/div>\n\t\t\t\t\t\t\t<\/div>\n\t\t<\/section>\n\t\t\t\t\t\t<\/div>\n\t\t\t\t\t<\/div>\n\t\t","protected":false},"excerpt":{"rendered":"<p>iScen est un outil d\u00e9di\u00e9 sp\u00e9cialement aux secteurs de la s\u00e9curit\u00e9 et de l&rsquo;\u00e9ducation, pour la formation, l&rsquo;entra\u00eenement et la simulation de crise. Cet outil permet la cr\u00e9ation ou le prototypage rapide de sc\u00e9narios interactifs, puis de les utiliser dans [&hellip;]<\/p>\n","protected":false},"author":1,"featured_media":0,"parent":0,"menu_order":0,"comment_status":"closed","ping_status":"closed","template":"page-templates\/page_fullwidth.php","meta":{"footnotes":""},"class_list":["post-1066","page","type-page","status-publish","hentry","clearfix"],"_links":{"self":[{"href":"https:\/\/eversim-sas.com\/index.php?rest_route=\/wp\/v2\/pages\/1066","targetHints":{"allow":["GET"]}}],"collection":[{"href":"https:\/\/eversim-sas.com\/index.php?rest_route=\/wp\/v2\/pages"}],"about":[{"href":"https:\/\/eversim-sas.com\/index.php?rest_route=\/wp\/v2\/types\/page"}],"author":[{"embeddable":true,"href":"https:\/\/eversim-sas.com\/index.php?rest_route=\/wp\/v2\/users\/1"}],"replies":[{"embeddable":true,"href":"https:\/\/eversim-sas.com\/index.php?rest_route=%2Fwp%2Fv2%2Fcomments&post=1066"}],"version-history":[{"count":27,"href":"https:\/\/eversim-sas.com\/index.php?rest_route=\/wp\/v2\/pages\/1066\/revisions"}],"predecessor-version":[{"id":1444,"href":"https:\/\/eversim-sas.com\/index.php?rest_route=\/wp\/v2\/pages\/1066\/revisions\/1444"}],"wp:attachment":[{"href":"https:\/\/eversim-sas.com\/index.php?rest_route=%2Fwp%2Fv2%2Fmedia&parent=1066"}],"curies":[{"name":"wp","href":"https:\/\/api.w.org\/{rel}","templated":true}]}}