{"id":256,"date":"2021-04-14T13:34:51","date_gmt":"2021-04-14T11:34:51","guid":{"rendered":"http:\/\/maceversim.infinityfreeapp.com\/?page_id=256"},"modified":"2025-11-04T11:44:51","modified_gmt":"2025-11-04T11:44:51","slug":"au-sujet-deversim","status":"publish","type":"page","link":"https:\/\/eversim-sas.com\/?page_id=256","title":{"rendered":"Au sujet d&rsquo;Eversim"},"content":{"rendered":"\t\t<div data-elementor-type=\"wp-page\" data-elementor-id=\"256\" class=\"elementor elementor-256\" data-elementor-settings=\"[]\">\n\t\t\t\t\t\t\t<div class=\"elementor-section-wrap\">\n\t\t\t\t\t\t\t<section class=\"elementor-section elementor-top-section elementor-element elementor-element-5681dc8f elementor-section-boxed elementor-section-height-default elementor-section-height-default\" data-id=\"5681dc8f\" data-element_type=\"section\">\n\t\t\t\t\t\t<div class=\"elementor-container elementor-column-gap-default\">\n\t\t\t\t\t<div class=\"elementor-column elementor-col-100 elementor-top-column elementor-element elementor-element-7a16b398\" data-id=\"7a16b398\" data-element_type=\"column\">\n\t\t\t<div class=\"elementor-widget-wrap elementor-element-populated\">\n\t\t\t\t\t\t\t\t<div class=\"elementor-element elementor-element-71172c91 elementor-widget elementor-widget-text-editor\" data-id=\"71172c91\" data-element_type=\"widget\" data-widget_type=\"text-editor.default\">\n\t\t\t\t<div class=\"elementor-widget-container\">\n\t\t\t\t\t\t\t\t<!-- wp:paragraph -->\n<p>La soci\u00e9t\u00e9 Eversim est sp\u00e9cialis\u00e9e dans la cr\u00e9ation et le d\u00e9veloppement de jeux de simulation, de strat\u00e9gie, et de r\u00f4le, fonctionnant en r\u00e9seau. Ses produits sont destin\u00e9s au grand public, ainsi qu&rsquo;aux professionnels des secteurs de la d\u00e9fense ou de la s\u00e9curit\u00e9 pour l&rsquo;apprentissage et l&rsquo;entrainement (Serious Gaming).<\/p>\n<!-- \/wp:paragraph --><!-- wp:paragraph -->\n<p>Le d\u00e9veloppement de ces produits innovants est notamment soutenu par Bpifrance, la Direction G\u00e9n\u00e9rale de l&rsquo;Armement (DGA) et le CNC.<\/p>\n<!-- \/wp:paragraph --><!-- wp:paragraph -->\n<p>La soci\u00e9t\u00e9 Eversim S.A. a \u00e9t\u00e9 cr\u00e9\u00e9e en f\u00e9vrier 2004 par trois associ\u00e9s, Andr\u00e9 et Louis-Marie Rocques et Pascal Einsweiler. L&rsquo;entreprise est implant\u00e9e \u00e0 Lognes (Marne-La-Vall\u00e9e) \u00e0 l&rsquo;Est de Paris et est soutenue financi\u00e8rement par un groupe d\u2019investisseurs d&rsquo;Ile-de-France pr\u00e9sent dans le capital de l\u2019entreprise.<\/p>\n<!-- \/wp:paragraph --><!-- wp:paragraph -->\n<p><br \/>Les fondateurs d\u2019Eversim ont travaill\u00e9 plus de trente cinq ans dans l\u2019univers du jeu vid\u00e9o et \u00e9taient d\u00e9j\u00e0 pr\u00e9sents aux balbutiements de cette industrie au d\u00e9but des ann\u00e9es 1980. Ils ont cr\u00e9\u00e9 entre 1987 et 2003, via le label Silmarils, pr\u00e8s d\u2019une trentaine de produits pour consoles et ordinateurs\u00a0 qui se sont vendus dans le monde entier. Les produits cr\u00e9\u00e9s par l&rsquo;\u00e9quipe d\u2019Eversim sous le label Silmarils sont consultables sur le lien suivant : <a href=\"https:\/\/eversim-sas.com\/?page_id=283\">Silmarils Games<\/a><\/p>\n<!-- \/wp:paragraph --><!-- wp:paragraph -->\n<p>Si vous \u00eates une entreprise int\u00e9ress\u00e9e par nos produits, technologies ou nos prestations de d\u00e9veloppement de logiciels, vous pouvez nous contacter sur cet email <a href=\"mailto:business@eversim.com\">business@eversim.com<\/a>\u00a0afin d&rsquo;obtenir plus informations.<br \/><br \/><br \/><\/p>\n<p>\u00a0<\/p>\n<p>\u00a0<\/p>\n<p><strong><span style=\"text-decoration: underline;\">Mentions l\u00e9gales<\/span><\/strong><\/p>\n<p>Eversim SAS<br \/>13 place des Libert\u00e9s Publiques 77185 Lognes,<br \/>France<br \/>RCS Meaux n\u00b0452209950<br \/>TVA Intracommunautaire\u00a0: FR84452209950<br \/>Responsable de la Publication\u00a0: Andr\u00e9 Rocques<\/p>\n<p><br \/><br \/><br \/><br \/><br \/><br \/><br \/><\/p>\n<!-- \/wp:paragraph -->\t\t\t\t\t\t<\/div>\n\t\t\t\t<\/div>\n\t\t\t\t\t<\/div>\n\t\t<\/div>\n\t\t\t\t\t\t\t<\/div>\n\t\t<\/section>\n\t\t\t\t\t\t<\/div>\n\t\t\t\t\t<\/div>\n\t\t","protected":false},"excerpt":{"rendered":"<p>La soci\u00e9t\u00e9 Eversim est sp\u00e9cialis\u00e9e dans la cr\u00e9ation et le d\u00e9veloppement de jeux de simulation, de strat\u00e9gie, et de r\u00f4le, fonctionnant en r\u00e9seau. Ses produits sont destin\u00e9s au grand public, ainsi qu&rsquo;aux professionnels des secteurs de la d\u00e9fense ou de [&hellip;]<\/p>\n","protected":false},"author":1,"featured_media":0,"parent":0,"menu_order":0,"comment_status":"closed","ping_status":"closed","template":"page-templates\/page_fullwidth.php","meta":{"footnotes":""},"class_list":["post-256","page","type-page","status-publish","hentry","clearfix"],"_links":{"self":[{"href":"https:\/\/eversim-sas.com\/index.php?rest_route=\/wp\/v2\/pages\/256","targetHints":{"allow":["GET"]}}],"collection":[{"href":"https:\/\/eversim-sas.com\/index.php?rest_route=\/wp\/v2\/pages"}],"about":[{"href":"https:\/\/eversim-sas.com\/index.php?rest_route=\/wp\/v2\/types\/page"}],"author":[{"embeddable":true,"href":"https:\/\/eversim-sas.com\/index.php?rest_route=\/wp\/v2\/users\/1"}],"replies":[{"embeddable":true,"href":"https:\/\/eversim-sas.com\/index.php?rest_route=%2Fwp%2Fv2%2Fcomments&post=256"}],"version-history":[{"count":21,"href":"https:\/\/eversim-sas.com\/index.php?rest_route=\/wp\/v2\/pages\/256\/revisions"}],"predecessor-version":[{"id":1455,"href":"https:\/\/eversim-sas.com\/index.php?rest_route=\/wp\/v2\/pages\/256\/revisions\/1455"}],"wp:attachment":[{"href":"https:\/\/eversim-sas.com\/index.php?rest_route=%2Fwp%2Fv2%2Fmedia&parent=256"}],"curies":[{"name":"wp","href":"https:\/\/api.w.org\/{rel}","templated":true}]}}