{"id":261,"date":"2021-04-14T15:10:39","date_gmt":"2021-04-14T13:10:39","guid":{"rendered":"http:\/\/maceversim.infinityfreeapp.com\/?page_id=261"},"modified":"2021-09-21T15:52:08","modified_gmt":"2021-09-21T15:52:08","slug":"emplois-stages","status":"publish","type":"page","link":"https:\/\/eversim-sas.com\/?page_id=261","title":{"rendered":"Emplois &#038; stages"},"content":{"rendered":"\t\t<div data-elementor-type=\"wp-page\" data-elementor-id=\"261\" class=\"elementor elementor-261\" data-elementor-settings=\"[]\">\n\t\t\t\t\t\t\t<div class=\"elementor-section-wrap\">\n\t\t\t\t\t\t\t<section class=\"elementor-section elementor-top-section elementor-element elementor-element-498cc196 elementor-section-boxed elementor-section-height-default elementor-section-height-default\" data-id=\"498cc196\" data-element_type=\"section\">\n\t\t\t\t\t\t<div class=\"elementor-container elementor-column-gap-default\">\n\t\t\t\t\t<div class=\"elementor-column elementor-col-100 elementor-top-column elementor-element elementor-element-253a24cc\" data-id=\"253a24cc\" data-element_type=\"column\">\n\t\t\t<div class=\"elementor-widget-wrap elementor-element-populated\">\n\t\t\t\t\t\t\t\t<div class=\"elementor-element elementor-element-4cb258e7 elementor-widget elementor-widget-text-editor\" data-id=\"4cb258e7\" data-element_type=\"widget\" data-widget_type=\"text-editor.default\">\n\t\t\t\t<div class=\"elementor-widget-container\">\n\t\t\t\t\t\t\t\t<!-- wp:paragraph -->\n<p>Eversim emploie et recrute les profils suivants:<\/p>\n<!-- \/wp:paragraph --><!-- wp:list -->\n<ul>\n<li><strong>Ing\u00e9nieurs et programmeurs.<\/strong><br \/>L&rsquo;essentiel de nos d\u00e9veloppments est en C++, la connaissance de ce langage est indispensable.<\/li>\n<li><strong>Infographistes 2D et 3D.<\/strong><br \/>Si vous souhaitez postuler, n&rsquo;oubliez pas de joindre \u00e0 votre CV des \u00e9l\u00e9ments visuels (lien vers un book en ligne par exemple)<\/li>\n<li><strong>Game design &amp; assurance qualit\u00e9.<\/strong><\/li>\n<\/ul>\n<!-- \/wp:list --><!-- wp:paragraph -->\n<p><br \/>Si vous souhaitez postuler envoyez votre CV et lette de motivation sur cette adresse email:\u00a0<a href=\"mailto:jobs@eversim.com\"><strong>jobs@eversim.com<\/strong><\/a><\/p>\n<!-- \/wp:paragraph --><!-- wp:paragraph -->\n<p>Si vous souhaitez postuler pour un stage, n&rsquo;oubliez pas de pr\u00e9ciser les dates et dur\u00e9e suppos\u00e9es du stage<\/p>\n<!-- \/wp:paragraph -->\t\t\t\t\t\t<\/div>\n\t\t\t\t<\/div>\n\t\t\t\t\t<\/div>\n\t\t<\/div>\n\t\t\t\t\t\t\t<\/div>\n\t\t<\/section>\n\t\t\t\t\t\t<\/div>\n\t\t\t\t\t<\/div>\n\t\t","protected":false},"excerpt":{"rendered":"<p>Eversim emploie et recrute les profils suivants: Ing\u00e9nieurs et programmeurs.L&rsquo;essentiel de nos d\u00e9veloppments est en C++, la connaissance de ce langage est indispensable. Infographistes 2D et 3D.Si vous souhaitez postuler, n&rsquo;oubliez pas de joindre \u00e0 votre CV des \u00e9l\u00e9ments visuels [&hellip;]<\/p>\n","protected":false},"author":1,"featured_media":0,"parent":0,"menu_order":0,"comment_status":"closed","ping_status":"closed","template":"page-templates\/page_fullwidth.php","meta":{"footnotes":""},"class_list":["post-261","page","type-page","status-publish","hentry","clearfix"],"_links":{"self":[{"href":"https:\/\/eversim-sas.com\/index.php?rest_route=\/wp\/v2\/pages\/261","targetHints":{"allow":["GET"]}}],"collection":[{"href":"https:\/\/eversim-sas.com\/index.php?rest_route=\/wp\/v2\/pages"}],"about":[{"href":"https:\/\/eversim-sas.com\/index.php?rest_route=\/wp\/v2\/types\/page"}],"author":[{"embeddable":true,"href":"https:\/\/eversim-sas.com\/index.php?rest_route=\/wp\/v2\/users\/1"}],"replies":[{"embeddable":true,"href":"https:\/\/eversim-sas.com\/index.php?rest_route=%2Fwp%2Fv2%2Fcomments&post=261"}],"version-history":[{"count":3,"href":"https:\/\/eversim-sas.com\/index.php?rest_route=\/wp\/v2\/pages\/261\/revisions"}],"predecessor-version":[{"id":1343,"href":"https:\/\/eversim-sas.com\/index.php?rest_route=\/wp\/v2\/pages\/261\/revisions\/1343"}],"wp:attachment":[{"href":"https:\/\/eversim-sas.com\/index.php?rest_route=%2Fwp%2Fv2%2Fmedia&parent=261"}],"curies":[{"name":"wp","href":"https:\/\/api.w.org\/{rel}","templated":true}]}}