{"id":275,"date":"2021-04-14T15:39:28","date_gmt":"2021-04-14T13:39:28","guid":{"rendered":"http:\/\/maceversim.infinityfreeapp.com\/?page_id=275"},"modified":"2021-09-15T12:54:26","modified_gmt":"2021-09-15T12:54:26","slug":"power-revolution-2","status":"publish","type":"page","link":"https:\/\/eversim-sas.com\/?page_id=275","title":{"rendered":"Power &#038; Revolution"},"content":{"rendered":"\t\t<div data-elementor-type=\"wp-page\" data-elementor-id=\"275\" class=\"elementor elementor-275\" data-elementor-settings=\"[]\">\n\t\t\t\t\t\t\t<div class=\"elementor-section-wrap\">\n\t\t\t\t\t\t\t<section class=\"elementor-section elementor-top-section elementor-element elementor-element-4aaa651 elementor-section-boxed elementor-section-height-default elementor-section-height-default\" data-id=\"4aaa651\" data-element_type=\"section\">\n\t\t\t\t\t\t<div class=\"elementor-container elementor-column-gap-default\">\n\t\t\t\t\t<div class=\"elementor-column elementor-col-50 elementor-top-column elementor-element elementor-element-09128fc\" data-id=\"09128fc\" data-element_type=\"column\">\n\t\t\t<div class=\"elementor-widget-wrap elementor-element-populated\">\n\t\t\t\t\t\t\t\t<div class=\"elementor-element elementor-element-3ed654db elementor-widget elementor-widget-text-editor\" data-id=\"3ed654db\" data-element_type=\"widget\" data-widget_type=\"text-editor.default\">\n\t\t\t\t<div class=\"elementor-widget-container\">\n\t\t\t\t\t\t\t\t<!-- wp:paragraph -->\n<p>La nouvelle \u00e9volution de Geopolitical Simulator 4, simulateur hyperr\u00e9aliste du monde actuel o\u00f9 vous incarnez un chef d\u2019\u00c9tat ou de l\u2019opposition !<br \/><br \/>Principales nouveaut\u00e9s 2021 : gestion de l\u2019UE, vaccination Covid, Biden\u2019s challenge, coalitions politiques, n\u00e9gociations diplomatiques, taxe mondiale, accords de libre-\u00e9change.<\/p>\n<!-- \/wp:paragraph --><!-- wp:paragraph --><!-- \/wp:paragraph -->\t\t\t\t\t\t<\/div>\n\t\t\t\t<\/div>\n\t\t\t\t<div class=\"elementor-element elementor-element-380da1b elementor-widget elementor-widget-text-editor\" data-id=\"380da1b\" data-element_type=\"widget\" data-widget_type=\"text-editor.default\">\n\t\t\t\t<div class=\"elementor-widget-container\">\n\t\t\t\t\t\t\t\t<p><a href=\"http:\/\/www.power-and-revolution.com\/\">www.power-and-revolution.com<\/a><\/p>\t\t\t\t\t\t<\/div>\n\t\t\t\t<\/div>\n\t\t\t\t\t<\/div>\n\t\t<\/div>\n\t\t\t\t<div class=\"elementor-column elementor-col-50 elementor-top-column elementor-element elementor-element-ed50735\" data-id=\"ed50735\" data-element_type=\"column\">\n\t\t\t<div class=\"elementor-widget-wrap elementor-element-populated\">\n\t\t\t\t\t\t\t\t<div class=\"elementor-element elementor-element-e8170a7 elementor-invisible elementor-widget elementor-widget-image\" data-id=\"e8170a7\" data-element_type=\"widget\" data-settings=\"{&quot;_animation&quot;:&quot;fadeIn&quot;}\" data-widget_type=\"image.default\">\n\t\t\t\t<div class=\"elementor-widget-container\">\n\t\t\t\t\t\t\t\t\t\t\t\t\t\t\t\t<a href=\"http:\/\/www.power-and-revolution.com\/store_py1.php?format=WIN&#038;langue=fr\">\n\t\t\t\t\t\t\t<img loading=\"lazy\" decoding=\"async\" width=\"220\" height=\"300\" src=\"https:\/\/eversim-sas.com\/wp-content\/uploads\/2021\/09\/2021_facing-220x300.jpg\" class=\"attachment-medium size-medium\" alt=\"\" srcset=\"https:\/\/eversim-sas.com\/wp-content\/uploads\/2021\/09\/2021_facing-220x300.jpg 220w, https:\/\/eversim-sas.com\/wp-content\/uploads\/2021\/09\/2021_facing-700x955.jpg 700w, https:\/\/eversim-sas.com\/wp-content\/uploads\/2021\/09\/2021_facing-520x709.jpg 520w, https:\/\/eversim-sas.com\/wp-content\/uploads\/2021\/09\/2021_facing-360x491.jpg 360w, https:\/\/eversim-sas.com\/wp-content\/uploads\/2021\/09\/2021_facing-250x341.jpg 250w, https:\/\/eversim-sas.com\/wp-content\/uploads\/2021\/09\/2021_facing-100x136.jpg 100w, https:\/\/eversim-sas.com\/wp-content\/uploads\/2021\/09\/2021_facing.jpg 733w\" sizes=\"auto, (max-width: 220px) 100vw, 220px\" \/>\t\t\t\t\t\t\t\t<\/a>\n\t\t\t\t\t\t\t\t\t\t\t\t\t\t\t<\/div>\n\t\t\t\t<\/div>\n\t\t\t\t\t<\/div>\n\t\t<\/div>\n\t\t\t\t\t\t\t<\/div>\n\t\t<\/section>\n\t\t\t\t\t\t<\/div>\n\t\t\t\t\t<\/div>\n\t\t","protected":false},"excerpt":{"rendered":"<p>La nouvelle \u00e9volution de Geopolitical Simulator 4, simulateur hyperr\u00e9aliste du monde actuel o\u00f9 vous incarnez un chef d\u2019\u00c9tat ou de l\u2019opposition ! Principales nouveaut\u00e9s 2021 : gestion de l\u2019UE, vaccination Covid, Biden\u2019s challenge, coalitions politiques, n\u00e9gociations diplomatiques, taxe mondiale, accords [&hellip;]<\/p>\n","protected":false},"author":1,"featured_media":0,"parent":0,"menu_order":0,"comment_status":"closed","ping_status":"closed","template":"page-templates\/page_fullwidth.php","meta":{"footnotes":""},"class_list":["post-275","page","type-page","status-publish","hentry","clearfix"],"_links":{"self":[{"href":"https:\/\/eversim-sas.com\/index.php?rest_route=\/wp\/v2\/pages\/275","targetHints":{"allow":["GET"]}}],"collection":[{"href":"https:\/\/eversim-sas.com\/index.php?rest_route=\/wp\/v2\/pages"}],"about":[{"href":"https:\/\/eversim-sas.com\/index.php?rest_route=\/wp\/v2\/types\/page"}],"author":[{"embeddable":true,"href":"https:\/\/eversim-sas.com\/index.php?rest_route=\/wp\/v2\/users\/1"}],"replies":[{"embeddable":true,"href":"https:\/\/eversim-sas.com\/index.php?rest_route=%2Fwp%2Fv2%2Fcomments&post=275"}],"version-history":[{"count":24,"href":"https:\/\/eversim-sas.com\/index.php?rest_route=\/wp\/v2\/pages\/275\/revisions"}],"predecessor-version":[{"id":1131,"href":"https:\/\/eversim-sas.com\/index.php?rest_route=\/wp\/v2\/pages\/275\/revisions\/1131"}],"wp:attachment":[{"href":"https:\/\/eversim-sas.com\/index.php?rest_route=%2Fwp%2Fv2%2Fmedia&parent=275"}],"curies":[{"name":"wp","href":"https:\/\/api.w.org\/{rel}","templated":true}]}}