{"id":283,"date":"2021-04-14T15:47:03","date_gmt":"2021-04-14T15:47:03","guid":{"rendered":"http:\/\/maceversim.infinityfreeapp.com\/?page_id=283"},"modified":"2021-09-21T15:46:20","modified_gmt":"2021-09-21T15:46:20","slug":"silmarils-games-2","status":"publish","type":"page","link":"https:\/\/eversim-sas.com\/?page_id=283","title":{"rendered":"Silmarils Games"},"content":{"rendered":"\t\t<div data-elementor-type=\"wp-page\" data-elementor-id=\"283\" class=\"elementor elementor-283\" data-elementor-settings=\"[]\">\n\t\t\t\t\t\t\t<div class=\"elementor-section-wrap\">\n\t\t\t\t\t\t\t<section class=\"elementor-section elementor-top-section elementor-element elementor-element-8a004ac elementor-section-boxed elementor-section-height-default elementor-section-height-default\" data-id=\"8a004ac\" data-element_type=\"section\">\n\t\t\t\t\t\t<div class=\"elementor-container elementor-column-gap-default\">\n\t\t\t\t\t<div class=\"elementor-column elementor-col-66 elementor-top-column elementor-element elementor-element-128263c\" data-id=\"128263c\" data-element_type=\"column\">\n\t\t\t<div class=\"elementor-widget-wrap elementor-element-populated\">\n\t\t\t\t\t\t\t\t<div class=\"elementor-element elementor-element-f5e4cd5 elementor-widget elementor-widget-text-editor\" data-id=\"f5e4cd5\" data-element_type=\"widget\" data-widget_type=\"text-editor.default\">\n\t\t\t\t<div class=\"elementor-widget-container\">\n\t\t\t\t\t\t\t\t<p>Silmarils a \u00e9t\u00e9 cr\u00e9\u00e9e en octobre 1987. Pendant plus de quinze ans, une trentaine de produits ont \u00e9t\u00e9 con\u00e7us par leurs \u00e9quipes de d\u00e9veloppement sur de nombreuses plates-formes (PC, PS2, PS1, MAC, ATARI, AMSTRAD, LYNX, 3DO, JAGUAR, SEGA MEGADRIVE).<\/p>\t\t\t\t\t\t<\/div>\n\t\t\t\t<\/div>\n\t\t\t\t\t<\/div>\n\t\t<\/div>\n\t\t\t\t<div class=\"elementor-column elementor-col-33 elementor-top-column elementor-element elementor-element-290717d\" data-id=\"290717d\" data-element_type=\"column\">\n\t\t\t<div class=\"elementor-widget-wrap elementor-element-populated\">\n\t\t\t\t\t\t\t\t<div class=\"elementor-element elementor-element-f540a20 elementor-aspect-ratio-169 elementor-widget elementor-widget-video\" data-id=\"f540a20\" data-element_type=\"widget\" data-settings=\"{&quot;youtube_url&quot;:&quot;https:\\\/\\\/www.youtube.com\\\/watch?v=TKAg3JMLXzM&amp;t=14s&quot;,&quot;video_type&quot;:&quot;youtube&quot;,&quot;controls&quot;:&quot;yes&quot;,&quot;aspect_ratio&quot;:&quot;169&quot;}\" data-widget_type=\"video.default\">\n\t\t\t\t<div class=\"elementor-widget-container\">\n\t\t\t\t\t<div class=\"elementor-wrapper elementor-fit-aspect-ratio elementor-open-inline\">\n\t\t\t<div class=\"elementor-video\"><\/div>\t\t<\/div>\n\t\t\t\t<\/div>\n\t\t\t\t<\/div>\n\t\t\t\t<div class=\"elementor-element elementor-element-692429a elementor-widget elementor-widget-text-editor\" data-id=\"692429a\" data-element_type=\"widget\" data-widget_type=\"text-editor.default\">\n\t\t\t\t<div class=\"elementor-widget-container\">\n\t\t\t\t\t\t\t\t<p>Conf\u00e9rence \u00e0 la Biblioth\u00e8que Nationale de France (Avril 2021) au sujet de la gen\u00e8se de l&rsquo;entreprise Silmarils et de la conception et production des jeux vid\u00e9os.<\/p>\t\t\t\t\t\t<\/div>\n\t\t\t\t<\/div>\n\t\t\t\t\t<\/div>\n\t\t<\/div>\n\t\t\t\t\t\t\t<\/div>\n\t\t<\/section>\n\t\t\t\t<section class=\"elementor-section elementor-top-section elementor-element elementor-element-ee558c0 elementor-section-boxed elementor-section-height-default elementor-section-height-default\" data-id=\"ee558c0\" data-element_type=\"section\">\n\t\t\t\t\t\t<div class=\"elementor-container elementor-column-gap-default\">\n\t\t\t\t\t<div class=\"elementor-column elementor-col-100 elementor-top-column elementor-element elementor-element-3f4cba5\" data-id=\"3f4cba5\" data-element_type=\"column\">\n\t\t\t<div class=\"elementor-widget-wrap elementor-element-populated\">\n\t\t\t\t\t\t\t\t<div class=\"elementor-element elementor-element-ac1b28f elementor-widget elementor-widget-text-editor\" data-id=\"ac1b28f\" data-element_type=\"widget\" data-widget_type=\"text-editor.default\">\n\t\t\t\t<div class=\"elementor-widget-container\">\n\t\t\t\t\t\t\t\t<!-- wp:paragraph --><!-- \/wp:paragraph --><!-- wp:columns -->\n<div class=\"wp-block-columns\"><!-- wp:column -->\n<div class=\"wp-block-column\"><!-- wp:image {\"align\":\"center\",\"id\":183,\"sizeSlug\":\"large\",\"linkDestination\":\"none\"} -->\n<div class=\"wp-block-image\">\n<figure class=\"aligncenter size-large\"><img loading=\"lazy\" decoding=\"async\" class=\"alignnone wp-image-962\" src=\"https:\/\/eversim-sas.com\/wp-content\/uploads\/2021\/06\/Gadget.jpeg\" alt=\"\" width=\"120\" height=\"169\" \/>\n<figcaption><strong>Inspecteur Gadget<\/strong><br \/><strong>2002<\/strong><br \/>(Jeu de plateformes en 3D)<\/figcaption>\n<\/figure>\n<\/div>\n<!-- \/wp:image --><\/div>\n<!-- \/wp:column --><!-- wp:column -->\n<div class=\"wp-block-column\"><!-- wp:image {\"align\":\"center\",\"id\":184,\"sizeSlug\":\"large\",\"linkDestination\":\"none\"} -->\n<div class=\"wp-block-image\">\n<figure class=\"aligncenter size-large\"><img loading=\"lazy\" decoding=\"async\" class=\"alignnone wp-image-953\" src=\"https:\/\/eversim-sas.com\/wp-content\/uploads\/2021\/06\/Arabian_Nights.jpeg\" alt=\"\" width=\"120\" height=\"169\" \/>\n<figcaption><strong>Arabian Nights<\/strong><br \/><strong>1999-2000<\/strong><br \/>(Aventure\/Action en 3D)<\/figcaption>\n<\/figure>\n<\/div>\n<!-- \/wp:image --><\/div>\n<!-- \/wp:column --><!-- wp:column -->\n<div class=\"wp-block-column\"><!-- wp:image {\"align\":\"center\",\"id\":185,\"sizeSlug\":\"large\",\"linkDestination\":\"none\"} -->\n<div class=\"wp-block-image\">\n<figure class=\"aligncenter size-large\"><img loading=\"lazy\" decoding=\"async\" class=\"alignnone wp-image-966\" src=\"https:\/\/eversim-sas.com\/wp-content\/uploads\/2021\/06\/Les_Visiteurs.jpeg\" alt=\"\" width=\"132\" height=\"169\" \/>\n<figcaption><strong>Les Visteurs 2<\/strong><br \/><strong>1999-2000<\/strong><br \/>(Aventure\/Action en 3D)<\/figcaption>\n<\/figure>\n<\/div>\n<!-- \/wp:image --><\/div>\n<!-- \/wp:column --><\/div>\n<!-- \/wp:columns --><!-- wp:columns -->\n<div class=\"wp-block-columns\"><!-- wp:column -->\n<div class=\"wp-block-column\"><!-- wp:image {\"align\":\"center\",\"id\":186,\"sizeSlug\":\"large\",\"linkDestination\":\"none\"} -->\n<div class=\"wp-block-image\">\n<figure class=\"aligncenter size-large\"><img loading=\"lazy\" decoding=\"async\" class=\"alignnone wp-image-955\" src=\"https:\/\/eversim-sas.com\/wp-content\/uploads\/2021\/06\/Asghan.jpeg\" alt=\"\" width=\"132\" height=\"169\" \/>\n<figcaption><strong>Asghan<\/strong><br \/><strong>1998<\/strong><br \/>(Aventure\/Action en 3D)<\/figcaption>\n<\/figure>\n<\/div>\n<!-- \/wp:image --><\/div>\n<!-- \/wp:column --><!-- wp:column -->\n<div class=\"wp-block-column\"><!-- wp:image {\"align\":\"center\",\"id\":187,\"sizeSlug\":\"large\",\"linkDestination\":\"none\"} -->\n<div class=\"wp-block-image\">\n<figure class=\"aligncenter size-large\"><img loading=\"lazy\" decoding=\"async\" class=\"alignnone wp-image-975\" src=\"https:\/\/eversim-sas.com\/wp-content\/uploads\/2021\/06\/TOW.jpeg\" alt=\"\" width=\"140\" height=\"169\" srcset=\"https:\/\/eversim-sas.com\/wp-content\/uploads\/2021\/06\/TOW.jpeg 106w, https:\/\/eversim-sas.com\/wp-content\/uploads\/2021\/06\/TOW-100x121.jpeg 100w\" sizes=\"auto, (max-width: 140px) 100vw, 140px\" \/><br \/>\n<figcaption><strong>Tournament of Warriors<\/strong><br \/><strong>1999<\/strong><br \/>(Jeu de Combat en 3D)<\/figcaption>\n<\/figure>\n<\/div>\n<!-- \/wp:image --><\/div>\n<!-- \/wp:column --><!-- wp:column -->\n<div class=\"wp-block-column\"><!-- wp:image {\"align\":\"center\",\"id\":188,\"sizeSlug\":\"large\",\"linkDestination\":\"none\"} -->\n<div class=\"wp-block-image\">\n<figure class=\"aligncenter size-large\"><img loading=\"lazy\" decoding=\"async\" class=\"alignnone wp-image-976\" src=\"https:\/\/eversim-sas.com\/wp-content\/uploads\/2021\/06\/Timewarr.jpeg\" alt=\"\" width=\"128\" height=\"169\" \/><br \/>\n<figcaption><strong>Time Warriors<\/strong><br \/><strong>1999<\/strong><br \/>(Jeu de Combat en 3D)<\/figcaption>\n<\/figure>\n<\/div>\n<!-- \/wp:image --><\/div>\n<!-- \/wp:column --><\/div>\n<!-- \/wp:columns --><!-- wp:columns -->\n<div class=\"wp-block-columns\"><!-- wp:column -->\n<div class=\"wp-block-column\"><!-- wp:image {\"align\":\"center\",\"id\":189,\"sizeSlug\":\"large\",\"linkDestination\":\"none\"} -->\n<div class=\"wp-block-image\">\n<figure class=\"aligncenter size-large\"><img loading=\"lazy\" decoding=\"async\" class=\"alignnone wp-image-959\" src=\"https:\/\/eversim-sas.com\/wp-content\/uploads\/2021\/06\/Deus.jpeg\" alt=\"\" width=\"140\" height=\"169\" srcset=\"https:\/\/eversim-sas.com\/wp-content\/uploads\/2021\/06\/Deus.jpeg 106w, https:\/\/eversim-sas.com\/wp-content\/uploads\/2021\/06\/Deus-100x121.jpeg 100w\" sizes=\"auto, (max-width: 140px) 100vw, 140px\" \/><br \/>\n<figcaption><strong>Deus<\/strong><br \/><strong>1996<\/strong><br \/>(Aventure\/Simulation en 3D)<\/figcaption>\n<\/figure>\n<\/div>\n<!-- \/wp:image --><\/div>\n<!-- \/wp:column --><!-- wp:column -->\n<div class=\"wp-block-column\"><!-- wp:image {\"align\":\"center\",\"id\":190,\"sizeSlug\":\"large\",\"linkDestination\":\"none\"} -->\n<div class=\"wp-block-image\">\n<figure class=\"aligncenter size-large\"><img loading=\"lazy\" decoding=\"async\" class=\"alignnone wp-image-965\" src=\"https:\/\/eversim-sas.com\/wp-content\/uploads\/2021\/06\/Ishar3.jpeg\" alt=\"\" width=\"140\" height=\"169\" srcset=\"https:\/\/eversim-sas.com\/wp-content\/uploads\/2021\/06\/Ishar3.jpeg 106w, https:\/\/eversim-sas.com\/wp-content\/uploads\/2021\/06\/Ishar3-100x121.jpeg 100w\" sizes=\"auto, (max-width: 140px) 100vw, 140px\" \/><br \/>\n<figcaption><strong>Ishar III<\/strong><br \/><strong>1995<\/strong><br \/>(Jeu de R\u00f4le)<\/figcaption>\n<\/figure>\n<\/div>\n<!-- \/wp:image --><\/div>\n<!-- \/wp:column --><!-- wp:column -->\n<div class=\"wp-block-column\"><!-- wp:image {\"align\":\"center\",\"id\":191,\"sizeSlug\":\"large\",\"linkDestination\":\"none\"} -->\n<div class=\"wp-block-image\">\n<figure class=\"aligncenter size-large\"><img loading=\"lazy\" decoding=\"async\" class=\"alignnone wp-image-970\" src=\"https:\/\/eversim-sas.com\/wp-content\/uploads\/2021\/06\/Robinson.jpeg\" alt=\"\" width=\"140\" height=\"169\" srcset=\"https:\/\/eversim-sas.com\/wp-content\/uploads\/2021\/06\/Robinson.jpeg 106w, https:\/\/eversim-sas.com\/wp-content\/uploads\/2021\/06\/Robinson-100x121.jpeg 100w\" sizes=\"auto, (max-width: 140px) 100vw, 140px\" \/><br \/>\n<figcaption><strong><strong>Robinson&rsquo;s Requiem<\/strong><br \/><strong>1994<\/strong><br \/><\/strong>(Simulation en 3D Voxel)<\/figcaption>\n<\/figure>\n<\/div>\n<!-- \/wp:image --><\/div>\n<!-- \/wp:column --><\/div>\n<!-- \/wp:columns --><!-- wp:columns -->\n<div class=\"wp-block-columns\"><!-- wp:column -->\n<div class=\"wp-block-column\"><!-- wp:image {\"align\":\"center\",\"id\":192,\"sizeSlug\":\"large\",\"linkDestination\":\"none\"} -->\n<div class=\"wp-block-image\">\n<figure class=\"aligncenter size-large\"><img loading=\"lazy\" decoding=\"async\" class=\"alignnone wp-image-964\" src=\"https:\/\/eversim-sas.com\/wp-content\/uploads\/2021\/06\/Ishar2.jpeg\" alt=\"\" width=\"140\" height=\"169\" srcset=\"https:\/\/eversim-sas.com\/wp-content\/uploads\/2021\/06\/Ishar2.jpeg 106w, https:\/\/eversim-sas.com\/wp-content\/uploads\/2021\/06\/Ishar2-100x121.jpeg 100w\" sizes=\"auto, (max-width: 140px) 100vw, 140px\" \/><br \/>\n<figcaption><strong>Ishar II<\/strong><br \/><strong>1993<\/strong><br \/>(Jeu de R\u00f4le)<\/figcaption>\n<\/figure>\n<\/div>\n<!-- \/wp:image --><\/div>\n<!-- \/wp:column --><!-- wp:column -->\n<div class=\"wp-block-column\"><!-- wp:image {\"align\":\"center\",\"id\":193,\"sizeSlug\":\"large\",\"linkDestination\":\"none\"} -->\n<div class=\"wp-block-image\">\n<figure class=\"aligncenter size-large\"><img loading=\"lazy\" decoding=\"async\" class=\"alignnone wp-image-974\" src=\"https:\/\/eversim-sas.com\/wp-content\/uploads\/2021\/06\/Transart.jpeg\" alt=\"\" width=\"140\" height=\"169\" srcset=\"https:\/\/eversim-sas.com\/wp-content\/uploads\/2021\/06\/Transart.jpeg 106w, https:\/\/eversim-sas.com\/wp-content\/uploads\/2021\/06\/Transart-100x121.jpeg 100w\" sizes=\"auto, (max-width: 140px) 100vw, 140px\" \/><br \/>\n<figcaption><strong>Transartica<\/strong><br \/><strong>1993<\/strong><br \/>(Strategie Temps-R\u00e9el)<\/figcaption>\n<\/figure>\n<\/div>\n<!-- \/wp:image --><\/div>\n<!-- \/wp:column --><!-- wp:column -->\n<div class=\"wp-block-column\"><!-- wp:image {\"align\":\"center\",\"id\":194,\"sizeSlug\":\"large\",\"linkDestination\":\"none\"} -->\n<div class=\"wp-block-image\">\n<figure class=\"aligncenter size-large\"><img loading=\"lazy\" decoding=\"async\" class=\"alignnone wp-image-957\" src=\"https:\/\/eversim-sas.com\/wp-content\/uploads\/2021\/06\/Bunny.jpeg\" alt=\"\" width=\"140\" height=\"169\" srcset=\"https:\/\/eversim-sas.com\/wp-content\/uploads\/2021\/06\/Bunny.jpeg 106w, https:\/\/eversim-sas.com\/wp-content\/uploads\/2021\/06\/Bunny-100x121.jpeg 100w\" sizes=\"auto, (max-width: 140px) 100vw, 140px\" \/><br \/>\n<figcaption><strong>Bunny Bricks<\/strong><br \/><strong>1992<\/strong><br \/>(Arcade)<\/figcaption>\n<\/figure>\n<\/div>\n<!-- \/wp:image --><\/div>\n<!-- \/wp:column --><\/div>\n<!-- \/wp:columns --><!-- wp:columns -->\n<div class=\"wp-block-columns\"><!-- wp:column -->\n<div class=\"wp-block-column\"><!-- wp:image {\"align\":\"center\",\"id\":195,\"sizeSlug\":\"large\",\"linkDestination\":\"none\"} -->\n<div class=\"wp-block-image\">\n<figure class=\"aligncenter size-large\"><img loading=\"lazy\" decoding=\"async\" class=\"alignnone wp-image-963\" src=\"https:\/\/eversim-sas.com\/wp-content\/uploads\/2021\/06\/Ishar1.jpeg\" alt=\"\" width=\"140\" height=\"169\" srcset=\"https:\/\/eversim-sas.com\/wp-content\/uploads\/2021\/06\/Ishar1.jpeg 106w, https:\/\/eversim-sas.com\/wp-content\/uploads\/2021\/06\/Ishar1-100x121.jpeg 100w\" sizes=\"auto, (max-width: 140px) 100vw, 140px\" \/><br \/>\n<figcaption><strong>Ishar I<\/strong><br \/>(Jeu de R\u00f4le)<\/figcaption>\n<\/figure>\n<\/div>\n<!-- \/wp:image --><\/div>\n<!-- \/wp:column --><!-- wp:column -->\n<div class=\"wp-block-column\"><!-- wp:image {\"align\":\"center\",\"id\":216,\"sizeSlug\":\"large\",\"linkDestination\":\"none\"} -->\n<div class=\"wp-block-image\">\n<figure class=\"aligncenter size-large\"><img loading=\"lazy\" decoding=\"async\" class=\"alignnone wp-image-972\" src=\"https:\/\/eversim-sas.com\/wp-content\/uploads\/2021\/06\/Stormast.jpeg\" alt=\"\" width=\"140\" height=\"169\" srcset=\"https:\/\/eversim-sas.com\/wp-content\/uploads\/2021\/06\/Stormast.jpeg 106w, https:\/\/eversim-sas.com\/wp-content\/uploads\/2021\/06\/Stormast-100x121.jpeg 100w\" sizes=\"auto, (max-width: 140px) 100vw, 140px\" \/><br \/>\n<figcaption><strong>Storm Master<\/strong><br \/><strong>1991<\/strong><br \/>(Strategie)<\/figcaption>\n<\/figure>\n<\/div>\n<!-- \/wp:image --><\/div>\n<!-- \/wp:column --><!-- wp:column -->\n<div class=\"wp-block-column\"><!-- wp:image {\"align\":\"center\",\"id\":200,\"sizeSlug\":\"large\",\"linkDestination\":\"none\"} -->\n<div class=\"wp-block-image\">\n<figure class=\"aligncenter size-large\"><img loading=\"lazy\" decoding=\"async\" class=\"alignnone wp-image-979\" src=\"https:\/\/eversim-sas.com\/wp-content\/uploads\/2021\/06\/Xyphoes.jpeg\" alt=\"\" width=\"127\" height=\"169\" \/><br \/>\n<figcaption><strong>Xyphoes Fantasy<\/strong><br \/><strong>1991<\/strong><br \/>(Jeu de Plateformes)<\/figcaption>\n<\/figure>\n<\/div>\n<!-- \/wp:image --><\/div>\n<!-- \/wp:column --><\/div>\n<!-- \/wp:columns --><!-- wp:columns -->\n<div class=\"wp-block-columns\"><!-- wp:column -->\n<div class=\"wp-block-column\"><!-- wp:image {\"align\":\"center\",\"id\":201,\"sizeSlug\":\"large\",\"linkDestination\":\"none\"} -->\n<div class=\"wp-block-image\">\n<figure class=\"aligncenter size-large\"><img loading=\"lazy\" decoding=\"async\" class=\"alignnone wp-image-956\" src=\"https:\/\/eversim-sas.com\/wp-content\/uploads\/2021\/06\/Boston.jpeg\" alt=\"\" width=\"140\" height=\"169\" srcset=\"https:\/\/eversim-sas.com\/wp-content\/uploads\/2021\/06\/Boston.jpeg 106w, https:\/\/eversim-sas.com\/wp-content\/uploads\/2021\/06\/Boston-100x121.jpeg 100w\" sizes=\"auto, (max-width: 140px) 100vw, 140px\" \/><br \/>\n<figcaption><strong>Boston Bomb Club<\/strong><br \/><strong>1991<\/strong><br \/>(Puzzle-Game)<\/figcaption>\n<\/figure>\n<\/div>\n<!-- \/wp:image --><\/div>\n<!-- \/wp:column --><!-- wp:column -->\n<div class=\"wp-block-column\"><!-- wp:image {\"align\":\"center\",\"id\":202,\"sizeSlug\":\"large\",\"linkDestination\":\"none\"} -->\n<div class=\"wp-block-image\">\n<figure class=\"aligncenter size-large\"><img loading=\"lazy\" decoding=\"async\" class=\"alignnone wp-image-969\" src=\"https:\/\/eversim-sas.com\/wp-content\/uploads\/2021\/06\/Metalmut.jpeg\" alt=\"\" width=\"140\" height=\"169\" srcset=\"https:\/\/eversim-sas.com\/wp-content\/uploads\/2021\/06\/Metalmut.jpeg 106w, https:\/\/eversim-sas.com\/wp-content\/uploads\/2021\/06\/Metalmut-100x121.jpeg 100w\" sizes=\"auto, (max-width: 140px) 100vw, 140px\" \/><br \/>\n<figcaption><strong>Metal Mutant<\/strong><br \/><strong>1991<\/strong><br \/>(Aventure\/Action)<\/figcaption>\n<\/figure>\n<\/div>\n<!-- \/wp:image --><\/div>\n<!-- \/wp:column --><!-- wp:column -->\n<div class=\"wp-block-column\"><!-- wp:image {\"align\":\"center\",\"id\":203,\"sizeSlug\":\"large\",\"linkDestination\":\"none\"} -->\n<div class=\"wp-block-image\">\n<figure class=\"aligncenter size-large\"><img loading=\"lazy\" decoding=\"async\" class=\"alignnone wp-image-954\" src=\"https:\/\/eversim-sas.com\/wp-content\/uploads\/2021\/06\/Arborea.jpeg\" alt=\"\" width=\"140\" height=\"169\" srcset=\"https:\/\/eversim-sas.com\/wp-content\/uploads\/2021\/06\/Arborea.jpeg 106w, https:\/\/eversim-sas.com\/wp-content\/uploads\/2021\/06\/Arborea-100x121.jpeg 100w\" sizes=\"auto, (max-width: 140px) 100vw, 140px\" \/><br \/>\n<figcaption><strong>Crystals of Arborea<\/strong><br \/><strong>1990<\/strong><br \/>(Jeu de R\u00f4le)<\/figcaption>\n<\/figure>\n<\/div>\n<!-- \/wp:image --><\/div>\n<!-- \/wp:column --><\/div>\n<!-- \/wp:columns --><!-- wp:columns -->\n<div class=\"wp-block-columns\"><!-- wp:column -->\n<div class=\"wp-block-column\"><!-- wp:image {\"align\":\"center\",\"id\":204,\"sizeSlug\":\"large\",\"linkDestination\":\"none\"} -->\n<div class=\"wp-block-image\">\n<figure class=\"aligncenter size-large\"><img loading=\"lazy\" decoding=\"async\" class=\"alignnone wp-image-971\" src=\"https:\/\/eversim-sas.com\/wp-content\/uploads\/2021\/06\/Starblad.jpeg\" alt=\"\" width=\"140\" height=\"169\" srcset=\"https:\/\/eversim-sas.com\/wp-content\/uploads\/2021\/06\/Starblad.jpeg 106w, https:\/\/eversim-sas.com\/wp-content\/uploads\/2021\/06\/Starblad-100x121.jpeg 100w\" sizes=\"auto, (max-width: 140px) 100vw, 140px\" \/><br \/>\n<figcaption><strong>Starblade<\/strong><br \/><strong>1990<\/strong><br \/>(Aventure\/Action)<\/figcaption>\n<\/figure>\n<\/div>\n<!-- \/wp:image --><\/div>\n<!-- \/wp:column --><!-- wp:column -->\n<div class=\"wp-block-column\"><!-- wp:image {\"align\":\"center\",\"id\":205,\"sizeSlug\":\"large\",\"linkDestination\":\"none\"} -->\n<div class=\"wp-block-image\">\n<figure class=\"aligncenter size-large\"><img loading=\"lazy\" decoding=\"async\" class=\"alignnone wp-image-958\" src=\"https:\/\/eversim-sas.com\/wp-content\/uploads\/2021\/06\/Colorado.jpeg\" alt=\"\" width=\"140\" height=\"169\" srcset=\"https:\/\/eversim-sas.com\/wp-content\/uploads\/2021\/06\/Colorado.jpeg 106w, https:\/\/eversim-sas.com\/wp-content\/uploads\/2021\/06\/Colorado-100x121.jpeg 100w\" sizes=\"auto, (max-width: 140px) 100vw, 140px\" \/><br \/>\n<figcaption><strong>Colorado<\/strong><br \/><strong>1990<\/strong><br \/>(Aventure\/Action)<\/figcaption>\n<\/figure>\n<\/div>\n<!-- \/wp:image --><\/div>\n<!-- \/wp:column --><!-- wp:column -->\n<div class=\"wp-block-column\"><!-- wp:image {\"align\":\"center\",\"id\":206,\"sizeSlug\":\"large\",\"linkDestination\":\"none\"} -->\n<div class=\"wp-block-image\">\n<figure class=\"aligncenter size-large\"><img loading=\"lazy\" decoding=\"async\" class=\"alignnone wp-image-961\" src=\"https:\/\/eversim-sas.com\/wp-content\/uploads\/2021\/06\/Fetiche.jpeg\" alt=\"\" width=\"140\" height=\"169\" srcset=\"https:\/\/eversim-sas.com\/wp-content\/uploads\/2021\/06\/Fetiche.jpeg 106w, https:\/\/eversim-sas.com\/wp-content\/uploads\/2021\/06\/Fetiche-100x121.jpeg 100w\" sizes=\"auto, (max-width: 140px) 100vw, 140px\" \/><br \/>\n<figcaption><strong>Le F\u00e9tiche Maya<\/strong><br \/><strong>1989<\/strong><br \/>(Aventure\/Action)<\/figcaption>\n<\/figure>\n<\/div>\n<!-- \/wp:image --><\/div>\n<!-- \/wp:column --><\/div>\n<!-- \/wp:columns --><!-- wp:columns -->\n<div class=\"wp-block-columns\"><!-- wp:column -->\n<div class=\"wp-block-column\"><!-- wp:image {\"align\":\"center\",\"id\":207,\"sizeSlug\":\"large\",\"linkDestination\":\"none\"} -->\n<div class=\"wp-block-image\">\n<figure class=\"aligncenter size-large\"><img loading=\"lazy\" decoding=\"async\" class=\"alignnone wp-image-973\" src=\"https:\/\/eversim-sas.com\/wp-content\/uploads\/2021\/06\/Windsurf.jpeg\" alt=\"\" width=\"140\" height=\"169\" srcset=\"https:\/\/eversim-sas.com\/wp-content\/uploads\/2021\/06\/Windsurf.jpeg 106w, https:\/\/eversim-sas.com\/wp-content\/uploads\/2021\/06\/Windsurf-100x121.jpeg 100w\" sizes=\"auto, (max-width: 140px) 100vw, 140px\" \/><br \/>\n<figcaption><strong>Windsurf Willy<\/strong><br \/><strong>1989<\/strong><br \/>(Simulation de Sport)<\/figcaption>\n<\/figure>\n<\/div>\n<!-- \/wp:image --><\/div>\n<!-- \/wp:column --><!-- wp:column -->\n<div class=\"wp-block-column\"><!-- wp:image {\"align\":\"center\",\"id\":208,\"sizeSlug\":\"large\",\"linkDestination\":\"none\"} -->\n<div class=\"wp-block-image\">\n<figure class=\"aligncenter size-large\"><img loading=\"lazy\" decoding=\"async\" class=\"alignnone wp-image-977\" src=\"https:\/\/eversim-sas.com\/wp-content\/uploads\/2021\/06\/Targhan.jpeg\" alt=\"\" width=\"140\" height=\"169\" srcset=\"https:\/\/eversim-sas.com\/wp-content\/uploads\/2021\/06\/Targhan.jpeg 106w, https:\/\/eversim-sas.com\/wp-content\/uploads\/2021\/06\/Targhan-100x121.jpeg 100w\" sizes=\"auto, (max-width: 140px) 100vw, 140px\" \/><br \/>\n<figcaption><strong>Targhan<\/strong><br \/><strong>1989<\/strong><br \/>(Aventure\/Action)<\/figcaption>\n<\/figure>\n<\/div>\n<!-- \/wp:image --><\/div>\n<!-- \/wp:column --><!-- wp:column -->\n<div class=\"wp-block-column\"><!-- wp:image {\"align\":\"center\",\"id\":180,\"sizeSlug\":\"large\",\"linkDestination\":\"none\"} -->\n<div class=\"wp-block-image\">\n<figure class=\"aligncenter size-large\"><img loading=\"lazy\" decoding=\"async\" class=\"alignnone wp-image-967\" src=\"https:\/\/eversim-sas.com\/wp-content\/uploads\/2021\/06\/Madshow.jpeg\" alt=\"\" width=\"140\" height=\"169\" srcset=\"https:\/\/eversim-sas.com\/wp-content\/uploads\/2021\/06\/Madshow.jpeg 106w, https:\/\/eversim-sas.com\/wp-content\/uploads\/2021\/06\/Madshow-100x121.jpeg 100w\" sizes=\"auto, (max-width: 140px) 100vw, 140px\" \/><br \/>\n<figcaption><strong>Mad Show<\/strong><br \/><strong>1988<\/strong><br \/>(Action)<\/figcaption>\n<\/figure>\n<\/div>\n<!-- \/wp:image --><\/div>\n<!-- \/wp:column --><\/div>\n<!-- \/wp:columns --><!-- wp:columns -->\n<div class=\"wp-block-columns\"><!-- wp:column -->\n<div class=\"wp-block-column\"><!-- wp:image {\"align\":\"center\",\"id\":211,\"sizeSlug\":\"large\",\"linkDestination\":\"none\"} -->\n<div class=\"wp-block-image\">\n<figure class=\"aligncenter size-large\"><img loading=\"lazy\" decoding=\"async\" class=\"alignnone wp-image-968\" src=\"https:\/\/eversim-sas.com\/wp-content\/uploads\/2021\/06\/Manatann.jpeg\" alt=\"\" width=\"140\" height=\"169\" srcset=\"https:\/\/eversim-sas.com\/wp-content\/uploads\/2021\/06\/Manatann.jpeg 106w, https:\/\/eversim-sas.com\/wp-content\/uploads\/2021\/06\/Manatann-100x121.jpeg 100w\" sizes=\"auto, (max-width: 140px) 100vw, 140px\" \/><br \/>\n<figcaption><strong>Manhattan Dealers<\/strong><br \/><strong>1987<\/strong><br \/>(Aventure\/Action)<\/figcaption>\n<\/figure>\n<\/div>\n<\/div>\n<\/div>\n<!-- \/wp:paragraph -->\t\t\t\t\t\t<\/div>\n\t\t\t\t<\/div>\n\t\t\t\t\t<\/div>\n\t\t<\/div>\n\t\t\t\t\t\t\t<\/div>\n\t\t<\/section>\n\t\t\t\t\t\t<\/div>\n\t\t\t\t\t<\/div>\n\t\t","protected":false},"excerpt":{"rendered":"<p>Silmarils a \u00e9t\u00e9 cr\u00e9\u00e9e en octobre 1987. Pendant plus de quinze ans, une trentaine de produits ont \u00e9t\u00e9 con\u00e7us par leurs \u00e9quipes de d\u00e9veloppement sur de nombreuses plates-formes (PC, PS2, PS1, MAC, ATARI, AMSTRAD, LYNX, 3DO, JAGUAR, SEGA MEGADRIVE). https:\/\/www.youtube.com\/watch?v=TKAg3JMLXzM&#038;t=14s [&hellip;]<\/p>\n","protected":false},"author":1,"featured_media":0,"parent":0,"menu_order":0,"comment_status":"closed","ping_status":"closed","template":"page-templates\/page_fullwidth.php","meta":{"footnotes":""},"class_list":["post-283","page","type-page","status-publish","hentry","clearfix"],"_links":{"self":[{"href":"https:\/\/eversim-sas.com\/index.php?rest_route=\/wp\/v2\/pages\/283","targetHints":{"allow":["GET"]}}],"collection":[{"href":"https:\/\/eversim-sas.com\/index.php?rest_route=\/wp\/v2\/pages"}],"about":[{"href":"https:\/\/eversim-sas.com\/index.php?rest_route=\/wp\/v2\/types\/page"}],"author":[{"embeddable":true,"href":"https:\/\/eversim-sas.com\/index.php?rest_route=\/wp\/v2\/users\/1"}],"replies":[{"embeddable":true,"href":"https:\/\/eversim-sas.com\/index.php?rest_route=%2Fwp%2Fv2%2Fcomments&post=283"}],"version-history":[{"count":20,"href":"https:\/\/eversim-sas.com\/index.php?rest_route=\/wp\/v2\/pages\/283\/revisions"}],"predecessor-version":[{"id":1334,"href":"https:\/\/eversim-sas.com\/index.php?rest_route=\/wp\/v2\/pages\/283\/revisions\/1334"}],"wp:attachment":[{"href":"https:\/\/eversim-sas.com\/index.php?rest_route=%2Fwp%2Fv2%2Fmedia&parent=283"}],"curies":[{"name":"wp","href":"https:\/\/api.w.org\/{rel}","templated":true}]}}